{"id":3844,"date":"2024-05-06T10:32:56","date_gmt":"2024-05-06T09:32:56","guid":{"rendered":"https:\/\/app81.dev.madsys.com\/habilis\/curs-i-tallers\/"},"modified":"2024-07-24T13:34:13","modified_gmt":"2024-07-24T12:34:13","slug":"curs-i-tallers","status":"publish","type":"page","link":"https:\/\/habilis.ro-botica.com\/es\/cursos-y-talleres\/","title":{"rendered":"Cursos y talleres"},"content":{"rendered":"<div class=\"wpb-content-wrapper\"><p>[vc_row][vc_column][vc_column_text css=\u00bb\u00bb el_class=\u00bbtitulo-cat rojo\u00bb]Formaciones al docente[\/vc_column_text][vc_column_text css=\u00bb\u00bb el_class=\u00bbcat-description\u00bb]<\/p>\n<p style=\"text-align: center;\">Tenemos cursos de iniciaci\u00f3n a la rob\u00f3tica para los docentes que parten de cero y tambi\u00e9n monogr\u00e1ficos especializados por aquellos que quieran profundizar. Tambi\u00e9n hemos ampliado nuestra oferta de talleres STEAM. A Abacus Educaci\u00f3n estamos al servicio de los maestros para que puedan hacer de maestros. Todo con el objetivo de ayudar el docente a desarrollar herramientas clave de la nueva educaci\u00f3n como la comunicaci\u00f3n, la creatividad o el pensamiento cr\u00edtico.<\/p>\n<p>[\/vc_column_text][vc_basic_grid post_type=\u00bbpost\u00bb max_items=\u00bb-1&#8243; style=\u00bbload-more\u00bb items_per_page=\u00bb8&#8243; element_width=\u00bb3&#8243; item=\u00bb6084&#8243; css=\u00bb\u00bb btn_title=\u00bbCarrega&#8217;n m\u00e9s\u00bb grid_id=\u00bbvc_gid:1721824378055-27127d27-6102-2&#8243; el_class=\u00bbgrid-cursos\u00bb taxonomies=\u00bb162&#8243;][vc_empty_space height=\u00bb50px\u00bb][\/vc_column][\/vc_row][vc_row disable_element=\u00bbyes\u00bb][vc_column][vc_column_text css=\u00bb\u00bb el_class=\u00bbtitulo-cat azul\u00bb]Talleres STEAM para el alumnado[\/vc_column_text][vc_column_text css=\u00bb\u00bb el_class=\u00bbcat-description\u00bb]<\/p>\n<p style=\"text-align: center;\">Ideales para aquellas escuelas que quieren testar con sus alumnas din\u00e1micas de aula usando herramientas de aprendizaje como por ejemplo los robots educativos, las plataformas de programaci\u00f3n en bloques y los entornos de realidad virtual. Est\u00e1n dinamizados por formadores de Habilis con experiencia educativa, tienen una duraci\u00f3n de 1 hora y 30 minutos y pueden asistir un m\u00e1ximo de 30 participantes a partir de segundo de primaria. Los talleres se imparten en 6 tiendas Abacus: Barcelona &#8211; calle Per\u00fa, Barcelona Sants, Sabadell, Lleida, Girona &#8211; centro y Tarragona.<\/p>\n<p>[\/vc_column_text][vc_basic_grid post_type=\u00bbpost\u00bb max_items=\u00bb-1&#8243; style=\u00bbload-more\u00bb items_per_page=\u00bb8&#8243; element_width=\u00bb3&#8243; item=\u00bb384&#8243; css=\u00bb\u00bb btn_title=\u00bbCarrega&#8217;n m\u00e9s\u00bb grid_id=\u00bbvc_gid:1721824378057-114b3c71-340f-7&#8243; el_class=\u00bbgrid-cursos\u00bb taxonomies=\u00bb163&#8243;][vc_empty_space height=\u00bb50px\u00bb][\/vc_column][\/vc_row][vc_row][vc_column][vc_column_text css=\u00bb\u00bb el_class=\u00bbtitulo-cat verde\u00bb]Experiencias educativas STEAM[\/vc_column_text][vc_column_text css=\u00bb\u00bb el_class=\u00bbcat-description\u00bb]<\/p>\n<p style=\"text-align: center;\">En Habilis tambi\u00e9n desarrollamos contenidos educativos innovadores que ayudan los docentes a integrar la tecnolog\u00eda con materias de todos los \u00e1mbitos, incluidas las human\u00edsticas. Os invitamos a explorar nuestro web habilis.cat y descubrir estos dos viajes apasionantes que os proponemos hacer con vuestro alumnado.<\/p>\n<p>[\/vc_column_text][vc_basic_grid post_type=\u00bbpost\u00bb max_items=\u00bb-1&#8243; style=\u00bbload-more\u00bb items_per_page=\u00bb8&#8243; element_width=\u00bb3&#8243; item=\u00bb6084&#8243; css=\u00bb\u00bb btn_title=\u00bbCarrega&#8217;n m\u00e9s\u00bb grid_id=\u00bbvc_gid:1721824378057-0d7c1fba-9a27-10&#8243; el_class=\u00bbgrid-cursos\u00bb taxonomies=\u00bb165&#8243;][vc_empty_space height=\u00bb50px\u00bb][\/vc_column][\/vc_row][vc_row disable_element=\u00bbyes\u00bb][vc_column][vc_column_text css=\u00bb\u00bb el_class=\u00bbtitulo-cat fucsia\u00bb]Cursos gratu\u00efts[\/vc_column_text][vc_column_text css=\u00bb\u00bb el_class=\u00bbcat-description\u00bb]<\/p>\n<p style=\"text-align: center;\">Lorem ipsum dolor sit amet, consectetur adipiscing elit, sed do eiusmod tempor incididunt ut labore et dolore magna aliqua. Ut enim ad minim veniam, quis nostrud exercitation ullamco laboris nisi ut aliquip ex ea commodo consequat. Duis aute irure dolor in reprehenderit in voluptate velit esse cillum dolore eu fugiat nulla pariatur. Excepteur sint occaecat cupidatat non proident, sunt in culpa qui officia deserunt mollit anim id est laborum.<\/p>\n<p>[\/vc_column_text][vc_basic_grid post_type=\u00bbpost\u00bb max_items=\u00bb-1&#8243; style=\u00bbload-more\u00bb items_per_page=\u00bb8&#8243; element_width=\u00bb3&#8243; item=\u00bb384&#8243; css=\u00bb\u00bb btn_title=\u00bbCarrega&#8217;n m\u00e9s\u00bb grid_id=\u00bbvc_gid:1721824378058-c4b805b1-4ff0-9&#8243; el_class=\u00bbgrid-cursos\u00bb taxonomies=\u00bb164&#8243;][vc_empty_space height=\u00bb50px\u00bb][\/vc_column][\/vc_row][vc_row disable_element=\u00bbyes\u00bb][vc_column][vc_column_text css=\u00bb\u00bb el_class=\u00bbtitulo-cat amarillo\u00bb]Festival Fixing the future[\/vc_column_text][vc_basic_grid post_type=\u00bbpost\u00bb max_items=\u00bb-1&#8243; style=\u00bbload-more\u00bb items_per_page=\u00bb8&#8243; element_width=\u00bb3&#8243; item=\u00bb384&#8243; css=\u00bb\u00bb btn_title=\u00bbCarrega&#8217;n m\u00e9s\u00bb grid_id=\u00bbvc_gid:1721824378060-d2b650a5-f98a-6&#8243; el_class=\u00bbgrid-cursos\u00bb taxonomies=\u00bb161&#8243;][vc_empty_space height=\u00bb50px\u00bb][\/vc_column][\/vc_row]<\/p>\n<\/div>","protected":false},"excerpt":{"rendered":"<p>[vc_row][vc_column][vc_column_text css=\u00bb\u00bb el_class=\u00bbtitulo-cat rojo\u00bb]Formaciones al docente[\/vc_column_text][vc_column_text css=\u00bb\u00bb el_class=\u00bbcat-description\u00bb] Tenemos cursos de iniciaci\u00f3n a la rob\u00f3tica para los docentes que parten &#8230; <a title=\"Cursos y talleres\" class=\"read-more\" href=\"https:\/\/habilis.ro-botica.com\/es\/cursos-y-talleres\/\" aria-label=\"Leer m\u00e1s sobre Cursos y talleres\"> <\/a><\/p>\n","protected":false},"author":8,"featured_media":0,"parent":0,"menu_order":0,"comment_status":"closed","ping_status":"closed","template":"","meta":{"_acf_changed":false,"inline_featured_image":false,"footnotes":""},"class_list":["post-3844","page","type-page","status-publish"],"acf":[],"yoast_head":"<!-- This site is optimized with the Yoast SEO plugin v25.5 - https:\/\/yoast.com\/wordpress\/plugins\/seo\/ -->\n<title>Cursos y talleres - Habilis<\/title>\n<meta name=\"robots\" content=\"index, follow, max-snippet:-1, max-image-preview:large, max-video-preview:-1\" \/>\n<link rel=\"canonical\" href=\"https:\/\/habilis.ro-botica.com\/es\/cursos-y-talleres\/\" \/>\n<meta property=\"og:locale\" content=\"es_ES\" \/>\n<meta property=\"og:type\" content=\"article\" \/>\n<meta property=\"og:title\" content=\"Cursos y talleres - Habilis\" \/>\n<meta property=\"og:description\" content=\"[vc_row][vc_column][vc_column_text css=\u00bb\u00bb el_class=\u00bbtitulo-cat rojo\u00bb]Formaciones al docente[\/vc_column_text][vc_column_text css=\u00bb\u00bb el_class=\u00bbcat-description\u00bb] Tenemos cursos de iniciaci\u00f3n a la rob\u00f3tica para los docentes que parten ...\" \/>\n<meta property=\"og:url\" content=\"https:\/\/habilis.ro-botica.com\/es\/cursos-y-talleres\/\" \/>\n<meta property=\"og:site_name\" content=\"Habilis\" \/>\n<meta property=\"article:modified_time\" content=\"2024-07-24T12:34:13+00:00\" \/>\n<meta name=\"twitter:card\" content=\"summary_large_image\" \/>\n<meta name=\"twitter:site\" content=\"@HabilisCat\" \/>\n<meta name=\"twitter:label1\" content=\"Tiempo de lectura\" \/>\n\t<meta name=\"twitter:data1\" content=\"3 minutos\" \/>\n<script type=\"application\/ld+json\" class=\"yoast-schema-graph\">{\"@context\":\"https:\/\/schema.org\",\"@graph\":[{\"@type\":\"WebPage\",\"@id\":\"https:\/\/habilis.ro-botica.com\/es\/cursos-y-talleres\/\",\"url\":\"https:\/\/habilis.ro-botica.com\/es\/cursos-y-talleres\/\",\"name\":\"Cursos y talleres - Habilis\",\"isPartOf\":{\"@id\":\"https:\/\/habilis.ro-botica.com\/es\/#website\"},\"datePublished\":\"2024-05-06T09:32:56+00:00\",\"dateModified\":\"2024-07-24T12:34:13+00:00\",\"breadcrumb\":{\"@id\":\"https:\/\/habilis.ro-botica.com\/es\/cursos-y-talleres\/#breadcrumb\"},\"inLanguage\":\"es\",\"potentialAction\":[{\"@type\":\"ReadAction\",\"target\":[\"https:\/\/habilis.ro-botica.com\/es\/cursos-y-talleres\/\"]}]},{\"@type\":\"BreadcrumbList\",\"@id\":\"https:\/\/habilis.ro-botica.com\/es\/cursos-y-talleres\/#breadcrumb\",\"itemListElement\":[{\"@type\":\"ListItem\",\"position\":1,\"name\":\"Portada\",\"item\":\"https:\/\/habilis.ro-botica.com\/es\/\"},{\"@type\":\"ListItem\",\"position\":2,\"name\":\"Cursos y talleres\"}]},{\"@type\":\"WebSite\",\"@id\":\"https:\/\/habilis.ro-botica.com\/es\/#website\",\"url\":\"https:\/\/habilis.ro-botica.com\/es\/\",\"name\":\"Habilis\",\"description\":\"Aprende con las manos\",\"publisher\":{\"@id\":\"https:\/\/habilis.ro-botica.com\/es\/#organization\"},\"potentialAction\":[{\"@type\":\"SearchAction\",\"target\":{\"@type\":\"EntryPoint\",\"urlTemplate\":\"https:\/\/habilis.ro-botica.com\/es\/?s={search_term_string}\"},\"query-input\":{\"@type\":\"PropertyValueSpecification\",\"valueRequired\":true,\"valueName\":\"search_term_string\"}}],\"inLanguage\":\"es\"},{\"@type\":\"Organization\",\"@id\":\"https:\/\/habilis.ro-botica.com\/es\/#organization\",\"name\":\"Habilis\",\"url\":\"https:\/\/habilis.ro-botica.com\/es\/\",\"logo\":{\"@type\":\"ImageObject\",\"inLanguage\":\"es\",\"@id\":\"https:\/\/habilis.ro-botica.com\/es\/#\/schema\/logo\/image\/\",\"url\":\"https:\/\/habilis.ro-botica.com\/wp-content\/uploads\/2023\/08\/logo-habilis-430.png\",\"contentUrl\":\"https:\/\/habilis.ro-botica.com\/wp-content\/uploads\/2023\/08\/logo-habilis-430.png\",\"width\":888,\"height\":189,\"caption\":\"Habilis\"},\"image\":{\"@id\":\"https:\/\/habilis.ro-botica.com\/es\/#\/schema\/logo\/image\/\"},\"sameAs\":[\"https:\/\/x.com\/HabilisCat\",\"https:\/\/www.instagram.com\/habiliscat\/\",\"https:\/\/www.linkedin.com\/company\/habiliscat\/about\/\"]}]}<\/script>\n<!-- \/ Yoast SEO plugin. -->","yoast_head_json":{"title":"Cursos y talleres - Habilis","robots":{"index":"index","follow":"follow","max-snippet":"max-snippet:-1","max-image-preview":"max-image-preview:large","max-video-preview":"max-video-preview:-1"},"canonical":"https:\/\/habilis.ro-botica.com\/es\/cursos-y-talleres\/","og_locale":"es_ES","og_type":"article","og_title":"Cursos y talleres - Habilis","og_description":"[vc_row][vc_column][vc_column_text css=\u00bb\u00bb el_class=\u00bbtitulo-cat rojo\u00bb]Formaciones al docente[\/vc_column_text][vc_column_text css=\u00bb\u00bb el_class=\u00bbcat-description\u00bb] Tenemos cursos de iniciaci\u00f3n a la rob\u00f3tica para los docentes que parten ...","og_url":"https:\/\/habilis.ro-botica.com\/es\/cursos-y-talleres\/","og_site_name":"Habilis","article_modified_time":"2024-07-24T12:34:13+00:00","twitter_card":"summary_large_image","twitter_site":"@HabilisCat","twitter_misc":{"Tiempo de lectura":"3 minutos"},"schema":{"@context":"https:\/\/schema.org","@graph":[{"@type":"WebPage","@id":"https:\/\/habilis.ro-botica.com\/es\/cursos-y-talleres\/","url":"https:\/\/habilis.ro-botica.com\/es\/cursos-y-talleres\/","name":"Cursos y talleres - Habilis","isPartOf":{"@id":"https:\/\/habilis.ro-botica.com\/es\/#website"},"datePublished":"2024-05-06T09:32:56+00:00","dateModified":"2024-07-24T12:34:13+00:00","breadcrumb":{"@id":"https:\/\/habilis.ro-botica.com\/es\/cursos-y-talleres\/#breadcrumb"},"inLanguage":"es","potentialAction":[{"@type":"ReadAction","target":["https:\/\/habilis.ro-botica.com\/es\/cursos-y-talleres\/"]}]},{"@type":"BreadcrumbList","@id":"https:\/\/habilis.ro-botica.com\/es\/cursos-y-talleres\/#breadcrumb","itemListElement":[{"@type":"ListItem","position":1,"name":"Portada","item":"https:\/\/habilis.ro-botica.com\/es\/"},{"@type":"ListItem","position":2,"name":"Cursos y talleres"}]},{"@type":"WebSite","@id":"https:\/\/habilis.ro-botica.com\/es\/#website","url":"https:\/\/habilis.ro-botica.com\/es\/","name":"Habilis","description":"Aprende con las manos","publisher":{"@id":"https:\/\/habilis.ro-botica.com\/es\/#organization"},"potentialAction":[{"@type":"SearchAction","target":{"@type":"EntryPoint","urlTemplate":"https:\/\/habilis.ro-botica.com\/es\/?s={search_term_string}"},"query-input":{"@type":"PropertyValueSpecification","valueRequired":true,"valueName":"search_term_string"}}],"inLanguage":"es"},{"@type":"Organization","@id":"https:\/\/habilis.ro-botica.com\/es\/#organization","name":"Habilis","url":"https:\/\/habilis.ro-botica.com\/es\/","logo":{"@type":"ImageObject","inLanguage":"es","@id":"https:\/\/habilis.ro-botica.com\/es\/#\/schema\/logo\/image\/","url":"https:\/\/habilis.ro-botica.com\/wp-content\/uploads\/2023\/08\/logo-habilis-430.png","contentUrl":"https:\/\/habilis.ro-botica.com\/wp-content\/uploads\/2023\/08\/logo-habilis-430.png","width":888,"height":189,"caption":"Habilis"},"image":{"@id":"https:\/\/habilis.ro-botica.com\/es\/#\/schema\/logo\/image\/"},"sameAs":["https:\/\/x.com\/HabilisCat","https:\/\/www.instagram.com\/habiliscat\/","https:\/\/www.linkedin.com\/company\/habiliscat\/about\/"]}]}},"_links":{"self":[{"href":"https:\/\/habilis.ro-botica.com\/es\/wp-json\/wp\/v2\/pages\/3844","targetHints":{"allow":["GET"]}}],"collection":[{"href":"https:\/\/habilis.ro-botica.com\/es\/wp-json\/wp\/v2\/pages"}],"about":[{"href":"https:\/\/habilis.ro-botica.com\/es\/wp-json\/wp\/v2\/types\/page"}],"author":[{"embeddable":true,"href":"https:\/\/habilis.ro-botica.com\/es\/wp-json\/wp\/v2\/users\/8"}],"replies":[{"embeddable":true,"href":"https:\/\/habilis.ro-botica.com\/es\/wp-json\/wp\/v2\/comments?post=3844"}],"version-history":[{"count":0,"href":"https:\/\/habilis.ro-botica.com\/es\/wp-json\/wp\/v2\/pages\/3844\/revisions"}],"wp:attachment":[{"href":"https:\/\/habilis.ro-botica.com\/es\/wp-json\/wp\/v2\/media?parent=3844"}],"curies":[{"name":"wp","href":"https:\/\/api.w.org\/{rel}","templated":true}]}}