{"id":671,"date":"2024-03-12T12:18:27","date_gmt":"2024-03-12T11:18:27","guid":{"rendered":"https:\/\/app81.dev.madsys.com\/habilis\/?page_id=671"},"modified":"2024-05-16T08:51:27","modified_gmt":"2024-05-16T07:51:27","slug":"qui-som","status":"publish","type":"page","link":"https:\/\/habilis.ro-botica.com\/es\/quienes-somos\/","title":{"rendered":"Qui\u00e9nes somos"},"content":{"rendered":"<div class=\"wpb-content-wrapper\"><p>[vc_row][vc_column width=\u00bb1\/12&#8243;][\/vc_column][vc_column width=\u00bb10\/12&#8243;][vc_column_text css=\u00bb\u00bb el_class=\u00bbtexto-destacado\u00bb]<\/p>\n<p dir=\"ltr\">Habilis es el departamento de Abacus Educaci\u00f3n dedicado a crear experiencias educativas innovadoras y curriculares para las escuelas, apoyar el crecimiento profesional de sus docentes a trav\u00e9s de formaciones y ayudar en las escuelas a desarrollar e implementar una estrategia digital STEAM personalizada y de largo plazo.<\/p>\n<p>[\/vc_column_text][vc_column_text css=\u00bb\u00bb]<\/p>\n<h2>Nuestra misi\u00f3n<\/h2>\n<p>[\/vc_column_text][vc_column_text css=\u00bb\u00bb]Alineados con los valores y la misi\u00f3n fundacional de Abacus, Habilis quiere estar junto a los docentes en su esfuerzo para ofrecer una educaci\u00f3n innovadora y de alta calidad.<\/p>\n<p>De maestros a maestros.[\/vc_column_text][vc_column_text css=\u00bb\u00bb]<\/p>\n<h2>\u00bfQu\u00e9 hemos hecho?<\/h2>\n<p>[\/vc_column_text][vc_column_text css=\u00bb\u00bb]Desde el 2022, la plataforma Habilis.cat, se ha dedicado a dar a conocer la metodolog\u00eda de aprendizaje STEAM, los docentes y otros profesionales referentes en este \u00e1mbito y los recursos educativos que est\u00e1n vinculados.<\/p>\n<p>Hemos impartido las formaciones en robots educativos, paneles digitales y equipaci\u00f3n audiovisual en todos los centros educativos p\u00fablicos de Catalu\u00f1a a trav\u00e9s de nuestra red de formadores desplegados en todo el territorio.<\/p>\n<p>Tambi\u00e9n hemos hecho varios cursos en l\u00ednea, h\u00edbridos y presenciales destinados bien a la capacitaci\u00f3n digital docente bien a alumnos de todos los ciclos formativos.<\/p>\n<p>Hemos organizado el festival Fixing the Future en sus dos pasadas ediciones.[\/vc_column_text][\/vc_column][vc_column width=\u00bb1\/12&#8243;][\/vc_column][\/vc_row][vc_row css_animation=\u00bbfadeIn\u00bb][vc_column width=\u00bb1\/12&#8243;][\/vc_column][vc_column css_animation=\u00bbnone\u00bb width=\u00bb10\/12&#8243;][vc_empty_space height=\u00bb64px\u00bb][vc_column_text css=\u00bb\u00bb]<\/p>\n<h2>Nuestros valores<\/h2>\n<p>[\/vc_column_text]<div class=\"ult-content-box-container valores\" >\t\t<div class=\"ult-content-box\" style=\"box-shadow: px px px px none;-webkit-transition: all 700ms ease;-moz-transition: all 700ms ease;-ms-transition: all 700ms ease;-o-transition: all 700ms ease;transition: all 700ms ease;\"  data-hover_box_shadow=\"none\"    >[vc_column_text css=\u00bb\u00bb el_class=\u00bbvalor\u00bb]Promovemos el pensamiento cr\u00edtico, la competencia digital y el desarrollo de una tecnolog\u00eda responsable e inclusiva.[\/vc_column_text][vc_column_text css=\u00bb\u00bb el_class=\u00bbvalor\u00bb]Estamos comprometidos a hacer del m\u00e9todo STEAM una realidad accesible y transformadora para todas las escuelas.[\/vc_column_text][vc_column_text css=\u00bb\u00bb el_class=\u00bbvalor\u00bb]Fomentamos vocaciones cient\u00edficas y tecnol\u00f3gicas entre todo el alumnado, especialmente entre las ni\u00f1as, para reducir los desequilibrios de g\u00e9nero en este \u00e1mbito.[\/vc_column_text][vc_column_text css=\u00bb\u00bb el_class=\u00bbvalor\u00bb]Queremos democratizar la tecnolog\u00eda a los claustros docentes, haci\u00e9ndola accesible a todo el profesorado, especialmente aquellos perfiles que se encuentren en riesgo de exclusi\u00f3n tecnol\u00f3gica.[\/vc_column_text]\t\t<\/div><\/div>[vc_empty_space height=\u00bb64px\u00bb][\/vc_column][vc_column width=\u00bb1\/12&#8243;][\/vc_column][\/vc_row][vc_row][vc_column width=\u00bb1\/12&#8243;][\/vc_column][vc_column width=\u00bb10\/12&#8243;][vc_column_text css=\u00bb\u00bb]<\/p>\n<h2>Nuestra experiencia en cifras<\/h2>\n<p>[\/vc_column_text][\/vc_column][vc_column width=\u00bb1\/12&#8243;][\/vc_column][\/vc_row][vc_row][vc_column width=\u00bb1\/12&#8243;][\/vc_column][vc_column css_animation=\u00bbfadeIn\u00bb width=\u00bb10\/12&#8243;][vc_column_text css=\u00bb\u00bb el_class=\u00bbcifras\u00bb]<\/p>\n<h4 dir=\"ltr\"><strong>FORMACIONES EN LA ESCUELA P\u00daBLICA<\/strong><\/h4>\n<ul>\n<li dir=\"ltr\">+13.000 sesiones de formaci\u00f3n presenciales (2024\/2025)<\/li>\n<li>+100.000 profesores a formar<\/li>\n<li>80 formadores certificados por Habilis distribuidos por el territorio<\/li>\n<li>+200 formaciones por semana<\/li>\n<li>105 videos originales en catal\u00e1n<\/li>\n<li>35 gu\u00edas did\u00e1cticas originales en catal\u00e1n y castellano<\/li>\n<li>9 es la nota media que reciben nuestros formadores<\/li>\n<\/ul>\n<h4><strong>SPACE LAB: OBJETIVO LA TIERRA. Curso de Capacitaci\u00f3n Digital Docente B2<br \/>\n<\/strong><\/h4>\n<ul>\n<li>70 horas de formaci\u00f3n individuales<\/li>\n<li>11 escuelas FECC participantes<\/li>\n<li dir=\"ltr\">190 profesores matriculados<\/li>\n<li dir=\"ltr\">+ 5.700 alumnos implicados<\/li>\n<li dir=\"ltr\">150.000\u20ac en equipaci\u00f3n por las escuelas<\/li>\n<li dir=\"ltr\">En colaboraci\u00f3n con la\u00a0 la FECC (Fundaci\u00f3n de Escuelas Cristianas de Catalu\u00f1a) y la Universitat Ramon Llull &#8211; Blanquerna.<\/li>\n<\/ul>\n<h4 dir=\"ltr\"><strong>TALLERES STEAM<\/strong><\/h4>\n<ul>\n<li dir=\"ltr\">8 tiendas Abacus activadas<\/li>\n<li dir=\"ltr\">26 d\u00edas de talleres gratuitos<\/li>\n<li dir=\"ltr\">26 escuelas p\u00fablicas invitadas<\/li>\n<li dir=\"ltr\">45 sesiones de talleres<\/li>\n<li dir=\"ltr\">+1.300 alumnos implicados<\/li>\n<\/ul>\n<h4 dir=\"ltr\"><strong>CURSO DE ASTRONAUTA CON HYPATIA I<\/strong><\/h4>\n<ul>\n<li dir=\"ltr\"><span style=\"font-size: inherit;\">9 cient\u00edficas catalanas de renombre como docentes en clases virtuales en directo<\/span><\/li>\n<li dir=\"ltr\">5 m\u00f3dulos tem\u00e1ticos: astronom\u00eda, biolog\u00eda, ingenier\u00eda, salud y comunicaci\u00f3n<\/li>\n<li dir=\"ltr\">3 ciclos de primaria<\/li>\n<li dir=\"ltr\">300 ni\u00f1as y ni\u00f1os participantes<\/li>\n<li dir=\"ltr\">Actualmente, y con la intenci\u00f3n de seguir fomentando las vocaciones STEM especialmente entre ni\u00f1as y ni\u00f1os, el curso lo hemos dejado en abierto y disponible para todas las escuelas y familias.<\/li>\n<\/ul>\n<h4 dir=\"ltr\"><strong>FIXING THE FUTURE FESTIVAL<\/strong><\/h4>\n<ul>\n<li dir=\"ltr\"><span style=\"font-size: inherit;\">4 ediciones del Festival realizadas<\/span><\/li>\n<li dir=\"ltr\">25 proyectos de todo el mundo destacados cada a\u00f1o<\/li>\n<li dir=\"ltr\">55 ponentes internacionales<\/li>\n<li dir=\"ltr\">+1.000 participantes de 46 pa\u00edses diferentes<\/li>\n<li dir=\"ltr\">20 talleres educativos a cada edici\u00f3n<\/li>\n<\/ul>\n<p>&nbsp;<\/p>\n<h4 dir=\"ltr\"><strong>THINK TANK HABILIS<\/strong><\/h4>\n<p dir=\"ltr\"><span style=\"font-size: inherit;\">Organizamos sesiones peri\u00f3dicas de consultas con grupos de maestros y estudiosos pluridisciplinares para reflexionar sobre las necesidades de la escuela en el siglo XXI, testar productos, y recibir recomendaciones y validaciones sobre nuestras ofertas y servicios.\u00a0<\/span><\/p>\n<p dir=\"ltr\">Cada a\u00f1o queremos publicar una memoria de actividades que recoge las conclusiones de estas sesiones y las contribuciones de los participantes.<\/p>\n<p>[\/vc_column_text][vc_empty_space height=\u00bb64px\u00bb][\/vc_column][vc_column width=\u00bb1\/12&#8243;][\/vc_column][\/vc_row][vc_row disable_element=\u00bbyes\u00bb][vc_column width=\u00bb1\/12&#8243;][\/vc_column][vc_column css_animation=\u00bbfadeInUp\u00bb width=\u00bb10\/12&#8243;][vc_column_text el_class=\u00bbobjetivos\u00bb]<\/p>\n<h4>Divulgaci\u00f3<\/h4>\n<p>Donant a con\u00e8ixer els educadors, les escoles i els centres de recerca i institucions que estan duent a terme experi\u00e8ncies capdavanteres dins i fora del nostre pa\u00eds.<\/p>\n<h4>Inspiraci\u00f3<\/h4>\n<p>Seleccionant activitats i recursos veritablement \u00fatils, amb diferents nivells d\u2019execuci\u00f3, assequibles per a tothom i que combinin el vessant l\u00fadic amb l\u2019aprenentatge. Volem que la cultura\u00a0maker, la rob\u00f2tica, l\u2019art del\u00a0tinkering, l\u2019enginyeria, els experiments cient\u00edfics amb productes quotidians I reciclats, la programaci\u00f3 I tamb\u00e9 l\u2019educaci\u00f3 emocional i el foment de les activitats desendollades formin part del dia a dia a totes les cases i escoles del pa\u00eds.<\/p>\n<h4>Formaci\u00f3<\/h4>\n<p>Oferint cursos espec\u00edfics per a mestres i tamb\u00e9 per a nenes i nens de la m\u00e0 de cient\u00edfics de renom i formadors experimentats.<\/p>\n<h4>Punt de trobada<\/h4>\n<p>Organitzant esdeveniments que reuneixin els diferents actors de la comunitat educativa.[\/vc_column_text][\/vc_column][vc_column width=\u00bb1\/12&#8243;][\/vc_column][\/vc_row][vc_row][vc_column width=\u00bb1\/12&#8243;][\/vc_column][vc_column width=\u00bb10\/12&#8243;][vc_column_text css=\u00bb\u00bb]<\/p>\n<h2>Nuestro equipo<\/h2>\n<p>[\/vc_column_text][\/vc_column][vc_column width=\u00bb1\/12&#8243;][\/vc_column][\/vc_row][vc_row disable_element=\u00bbyes\u00bb el_class=\u00bbequipo\u00bb][vc_column width=\u00bb1\/4&#8243;][vc_single_image image=\u00bb683&#8243; img_size=\u00bbmedium\u00bb alignment=\u00bbcenter\u00bb css_animation=\u00bbfadeInLeft\u00bb][vc_toggle title=\u00bbSILVIA BRANDI\u00bb style=\u00bbarrow\u00bb]Llicenciada a la Facultat d\u2019Arquitectura del Polit\u00e8cnic de Mil\u00e0 (2004), el 2006 es muda a Barcelona i comen\u00e7a a col\u00b7laborar amb l\u2019Institut d\u2019Arquitectura Avan\u00e7ada de Catalunya (IAAC) i amb l\u2019estudi d\u2019arquitectura MiAS Arquitectes. Com a arquitecta, lidera, entre d\u2019altres, el projecte i la construcci\u00f3 de la seu de iGuzzini a Sant Cugat que rep nombrosos premis internacionals. A partir del 2012 s\u2019integra definitivament a l\u2019equip de l\u2019IAAC, del qual el 2015 n\u2019esdev\u00e9 gerent. Tamb\u00e9 col\u00b7labora estretament amb el Fab Lab Barcelona. En el 2019 assumeix la ger\u00e8ncia de l\u2019Atlas of the Future de SOM, I de l\u2019esdeveniment internacional Fixing the Future Festival.[\/vc_toggle][\/vc_column][vc_column width=\u00bb1\/4&#8243;][vc_single_image image=\u00bb683&#8243; img_size=\u00bbmedium\u00bb alignment=\u00bbcenter\u00bb css_animation=\u00bbfadeInLeft\u00bb][vc_toggle title=\u00bbSILVIA BRANDI\u00bb style=\u00bbarrow\u00bb]Llicenciada a la Facultat d\u2019Arquitectura del Polit\u00e8cnic de Mil\u00e0 (2004), el 2006 es muda a Barcelona i comen\u00e7a a col\u00b7laborar amb l\u2019Institut d\u2019Arquitectura Avan\u00e7ada de Catalunya (IAAC) i amb l\u2019estudi d\u2019arquitectura MiAS Arquitectes. Com a arquitecta, lidera, entre d\u2019altres, el projecte i la construcci\u00f3 de la seu de iGuzzini a Sant Cugat que rep nombrosos premis internacionals. A partir del 2012 s\u2019integra definitivament a l\u2019equip de l\u2019IAAC, del qual el 2015 n\u2019esdev\u00e9 gerent. Tamb\u00e9 col\u00b7labora estretament amb el Fab Lab Barcelona. En el 2019 assumeix la ger\u00e8ncia de l\u2019Atlas of the Future de SOM, I de l\u2019esdeveniment internacional Fixing the Future Festival.[\/vc_toggle][\/vc_column][vc_column width=\u00bb1\/4&#8243;][vc_single_image image=\u00bb684&#8243; img_size=\u00bbmedium\u00bb alignment=\u00bbcenter\u00bb css_animation=\u00bbfadeInDown\u00bb][vc_toggle title=\u00bbS\u00d2NIA CASAS CODINACH\u00bb style=\u00bbarrow\u00bb]Periodista llicenciada per la Universitat Ramon Llull i postgraduada a la UCLA, la Universitat de Los Angeles. El 2003 comen\u00e7a a treballar de corresponsal a Am\u00e8rica Llatina per Catalunya R\u00e0dio i tamb\u00e9 com a corresponsal al Brasil per la cadena de televisi\u00f3 CNN.<br \/>\nDurant els \u00faltims dotze anys, ha treballat com a cap de redacci\u00f3 de la revista S\u00e0piens. Tamb\u00e9 ha estat presentadora i guionista del programa de divulgaci\u00f3 hist\u00f2rica Pintant el gris i \u00e9s autora del llibre Ramon Llull, llibre de viatge. Tamb\u00e9 ha col\u00b7laborat en mitjans com El Magazine de La Vanguardia, Alta\u00efr o El Singular Digital, entre d\u2019altres.[\/vc_toggle][\/vc_column][vc_column width=\u00bb1\/4&#8243;][vc_single_image image=\u00bb684&#8243; img_size=\u00bbmedium\u00bb alignment=\u00bbcenter\u00bb css_animation=\u00bbfadeInDown\u00bb][vc_toggle title=\u00bbS\u00d2NIA CASAS CODINACH\u00bb style=\u00bbarrow\u00bb]Periodista llicenciada per la Universitat Ramon Llull i postgraduada a la UCLA, la Universitat de Los Angeles. El 2003 comen\u00e7a a treballar de corresponsal a Am\u00e8rica Llatina per Catalunya R\u00e0dio i tamb\u00e9 com a corresponsal al Brasil per la cadena de televisi\u00f3 CNN.<br \/>\nDurant els \u00faltims dotze anys, ha treballat com a cap de redacci\u00f3 de la revista S\u00e0piens. Tamb\u00e9 ha estat presentadora i guionista del programa de divulgaci\u00f3 hist\u00f2rica Pintant el gris i \u00e9s autora del llibre Ramon Llull, llibre de viatge. Tamb\u00e9 ha col\u00b7laborat en mitjans com El Magazine de La Vanguardia, Alta\u00efr o El Singular Digital, entre d\u2019altres.[\/vc_toggle][\/vc_column][\/vc_row][vc_row el_class=\u00bbequip\u00bb][vc_column offset=\u00bbvc_hidden-sm vc_hidden-xs\u00bb][vc_basic_grid post_type=\u00bbteam-member\u00bb max_items=\u00bb-1&#8243; item=\u00bb2207&#8243; initial_loading_animation=\u00bbnone\u00bb css=\u00bb\u00bb grid_id=\u00bbvc_gid:1715845638336-fe51c67c-cdee-6&#8243; taxonomies=\u00bb294&#8243;][\/vc_column][vc_column offset=\u00bbvc_hidden-lg vc_hidden-md\u00bb][vc_basic_grid post_type=\u00bbteam-member\u00bb max_items=\u00bb-1&#8243; element_width=\u00bb6&#8243; item=\u00bb2207&#8243; initial_loading_animation=\u00bbnone\u00bb css=\u00bb\u00bb grid_id=\u00bbvc_gid:1715845638337-2dcc00a9-75ca-0&#8243; taxonomies=\u00bb294&#8243;][\/vc_column][\/vc_row][vc_row disable_element=\u00bbyes\u00bb][vc_column width=\u00bb1\/12&#8243;][\/vc_column][vc_column width=\u00bb10\/12&#8243;][vc_empty_space height=\u00bb64px\u00bb][vc_column_text css=\u00bb\u00bb]<\/p>\n<h2>Consell assessor<\/h2>\n<p>[\/vc_column_text][\/vc_column][vc_column width=\u00bb1\/12&#8243;][\/vc_column][\/vc_row][vc_row disable_element=\u00bbyes\u00bb el_class=\u00bbconsell\u00bb][vc_column offset=\u00bbvc_hidden-sm vc_hidden-xs\u00bb][vc_basic_grid post_type=\u00bbteam-member\u00bb max_items=\u00bb-1&#8243; item=\u00bb2207&#8243; initial_loading_animation=\u00bbnone\u00bb css=\u00bb\u00bb grid_id=\u00bbvc_gid:1715845638338-d8a8dab1-2be3-4&#8243; taxonomies=\u00bb291&#8243;][\/vc_column][vc_column offset=\u00bbvc_hidden-lg vc_hidden-md\u00bb][vc_basic_grid post_type=\u00bbteam-member\u00bb max_items=\u00bb-1&#8243; element_width=\u00bb6&#8243; item=\u00bb2207&#8243; initial_loading_animation=\u00bbnone\u00bb css=\u00bb\u00bb grid_id=\u00bbvc_gid:1715845638339-a5c4fcff-324e-2&#8243; taxonomies=\u00bb291&#8243;][\/vc_column][\/vc_row][vc_row][vc_column width=\u00bb1\/12&#8243;][\/vc_column][vc_column width=\u00bb10\/12&#8243;][vc_empty_space height=\u00bb64px\u00bb][vc_column_text css=\u00bb\u00bb]<\/p>\n<h2>Han colaborado con nosotros<\/h2>\n<p>[\/vc_column_text][\/vc_column][vc_column width=\u00bb1\/12&#8243;][\/vc_column][\/vc_row][vc_row][vc_column]<div class=\"ult-content-box-container logos colaboradores\" >\t\t<div class=\"ult-content-box\" style=\"box-shadow: px px px px none;-webkit-transition: all 700ms ease;-moz-transition: all 700ms ease;-ms-transition: all 700ms ease;-o-transition: all 700ms ease;transition: all 700ms ease;\"  data-hover_box_shadow=\"none\"    >[vc_single_image image=\u00bb1326&#8243; img_size=\u00bbfull\u00bb alignment=\u00bbcenter\u00bb css=\u00bb\u00bb][vc_single_image image=\u00bb2241&#8243; img_size=\u00bbfull\u00bb alignment=\u00bbcenter\u00bb css=\u00bb\u00bb][vc_single_image image=\u00bb2243&#8243; img_size=\u00bbfull\u00bb alignment=\u00bbcenter\u00bb css=\u00bb\u00bb][vc_single_image image=\u00bb2245&#8243; img_size=\u00bbfull\u00bb alignment=\u00bbcenter\u00bb css=\u00bb\u00bb][vc_single_image image=\u00bb2249&#8243; img_size=\u00bbfull\u00bb alignment=\u00bbcenter\u00bb css=\u00bb\u00bb][vc_single_image image=\u00bb2251&#8243; img_size=\u00bbfull\u00bb alignment=\u00bbcenter\u00bb css=\u00bb\u00bb][vc_single_image image=\u00bb2247&#8243; img_size=\u00bbfull\u00bb alignment=\u00bbcenter\u00bb css=\u00bb\u00bb][vc_single_image image=\u00bb2253&#8243; img_size=\u00bbfull\u00bb alignment=\u00bbcenter\u00bb css=\u00bb\u00bb][vc_single_image image=\u00bb2291&#8243; img_size=\u00bbfull\u00bb alignment=\u00bbcenter\u00bb css=\u00bb\u00bb][vc_single_image image=\u00bb2289&#8243; img_size=\u00bbfull\u00bb alignment=\u00bbcenter\u00bb css=\u00bb\u00bb]\t\t<\/div><\/div>[\/vc_column][\/vc_row]<\/p>\n<\/div>","protected":false},"excerpt":{"rendered":"<p>[vc_row][vc_column width=\u00bb1\/12&#8243;][\/vc_column][vc_column width=\u00bb10\/12&#8243;][vc_column_text css=\u00bb\u00bb el_class=\u00bbtexto-destacado\u00bb] Habilis es el departamento de Abacus Educaci\u00f3n dedicado a crear experiencias educativas innovadoras y curriculares &#8230; <a title=\"Qui\u00e9nes somos\" class=\"read-more\" href=\"https:\/\/habilis.ro-botica.com\/es\/quienes-somos\/\" aria-label=\"Leer m\u00e1s sobre Qui\u00e9nes somos\"> <\/a><\/p>\n","protected":false},"author":8,"featured_media":0,"parent":0,"menu_order":0,"comment_status":"closed","ping_status":"closed","template":"","meta":{"_acf_changed":false,"inline_featured_image":false,"footnotes":""},"class_list":["post-671","page","type-page","status-publish"],"acf":[],"yoast_head":"<!-- This site is optimized with the Yoast SEO plugin v25.5 - https:\/\/yoast.com\/wordpress\/plugins\/seo\/ -->\n<title>Qui\u00e9nes somos - Habilis<\/title>\n<meta name=\"robots\" content=\"index, follow, max-snippet:-1, max-image-preview:large, max-video-preview:-1\" \/>\n<link rel=\"canonical\" href=\"https:\/\/habilis.ro-botica.com\/es\/quienes-somos\/\" \/>\n<meta property=\"og:locale\" content=\"es_ES\" \/>\n<meta property=\"og:type\" content=\"article\" \/>\n<meta property=\"og:title\" content=\"Qui\u00e9nes somos - Habilis\" \/>\n<meta property=\"og:description\" content=\"[vc_row][vc_column width=\u00bb1\/12&#8243;][\/vc_column][vc_column width=\u00bb10\/12&#8243;][vc_column_text css=\u00bb\u00bb el_class=\u00bbtexto-destacado\u00bb] Habilis es el departamento de Abacus Educaci\u00f3n dedicado a crear experiencias educativas innovadoras y curriculares ...\" \/>\n<meta property=\"og:url\" content=\"https:\/\/habilis.ro-botica.com\/es\/quienes-somos\/\" \/>\n<meta property=\"og:site_name\" content=\"Habilis\" \/>\n<meta property=\"article:modified_time\" content=\"2024-05-16T07:51:27+00:00\" \/>\n<meta name=\"twitter:card\" content=\"summary_large_image\" \/>\n<meta name=\"twitter:site\" content=\"@HabilisCat\" \/>\n<meta name=\"twitter:label1\" content=\"Tiempo de lectura\" \/>\n\t<meta name=\"twitter:data1\" content=\"10 minutos\" \/>\n<script type=\"application\/ld+json\" class=\"yoast-schema-graph\">{\"@context\":\"https:\/\/schema.org\",\"@graph\":[{\"@type\":\"WebPage\",\"@id\":\"https:\/\/habilis.ro-botica.com\/es\/quienes-somos\/\",\"url\":\"https:\/\/habilis.ro-botica.com\/es\/quienes-somos\/\",\"name\":\"Qui\u00e9nes somos - Habilis\",\"isPartOf\":{\"@id\":\"https:\/\/habilis.ro-botica.com\/es\/#website\"},\"datePublished\":\"2024-03-12T11:18:27+00:00\",\"dateModified\":\"2024-05-16T07:51:27+00:00\",\"breadcrumb\":{\"@id\":\"https:\/\/habilis.ro-botica.com\/es\/quienes-somos\/#breadcrumb\"},\"inLanguage\":\"es\",\"potentialAction\":[{\"@type\":\"ReadAction\",\"target\":[\"https:\/\/habilis.ro-botica.com\/es\/quienes-somos\/\"]}]},{\"@type\":\"BreadcrumbList\",\"@id\":\"https:\/\/habilis.ro-botica.com\/es\/quienes-somos\/#breadcrumb\",\"itemListElement\":[{\"@type\":\"ListItem\",\"position\":1,\"name\":\"Portada\",\"item\":\"https:\/\/habilis.ro-botica.com\/es\/\"},{\"@type\":\"ListItem\",\"position\":2,\"name\":\"Qui\u00e9nes somos\"}]},{\"@type\":\"WebSite\",\"@id\":\"https:\/\/habilis.ro-botica.com\/es\/#website\",\"url\":\"https:\/\/habilis.ro-botica.com\/es\/\",\"name\":\"Habilis\",\"description\":\"Aprende con las manos\",\"publisher\":{\"@id\":\"https:\/\/habilis.ro-botica.com\/es\/#organization\"},\"potentialAction\":[{\"@type\":\"SearchAction\",\"target\":{\"@type\":\"EntryPoint\",\"urlTemplate\":\"https:\/\/habilis.ro-botica.com\/es\/?s={search_term_string}\"},\"query-input\":{\"@type\":\"PropertyValueSpecification\",\"valueRequired\":true,\"valueName\":\"search_term_string\"}}],\"inLanguage\":\"es\"},{\"@type\":\"Organization\",\"@id\":\"https:\/\/habilis.ro-botica.com\/es\/#organization\",\"name\":\"Habilis\",\"url\":\"https:\/\/habilis.ro-botica.com\/es\/\",\"logo\":{\"@type\":\"ImageObject\",\"inLanguage\":\"es\",\"@id\":\"https:\/\/habilis.ro-botica.com\/es\/#\/schema\/logo\/image\/\",\"url\":\"https:\/\/habilis.ro-botica.com\/wp-content\/uploads\/2023\/08\/logo-habilis-430.png\",\"contentUrl\":\"https:\/\/habilis.ro-botica.com\/wp-content\/uploads\/2023\/08\/logo-habilis-430.png\",\"width\":888,\"height\":189,\"caption\":\"Habilis\"},\"image\":{\"@id\":\"https:\/\/habilis.ro-botica.com\/es\/#\/schema\/logo\/image\/\"},\"sameAs\":[\"https:\/\/x.com\/HabilisCat\",\"https:\/\/www.instagram.com\/habiliscat\/\",\"https:\/\/www.linkedin.com\/company\/habiliscat\/about\/\"]}]}<\/script>\n<!-- \/ Yoast SEO plugin. -->","yoast_head_json":{"title":"Qui\u00e9nes somos - Habilis","robots":{"index":"index","follow":"follow","max-snippet":"max-snippet:-1","max-image-preview":"max-image-preview:large","max-video-preview":"max-video-preview:-1"},"canonical":"https:\/\/habilis.ro-botica.com\/es\/quienes-somos\/","og_locale":"es_ES","og_type":"article","og_title":"Qui\u00e9nes somos - Habilis","og_description":"[vc_row][vc_column width=\u00bb1\/12&#8243;][\/vc_column][vc_column width=\u00bb10\/12&#8243;][vc_column_text css=\u00bb\u00bb el_class=\u00bbtexto-destacado\u00bb] Habilis es el departamento de Abacus Educaci\u00f3n dedicado a crear experiencias educativas innovadoras y curriculares ...","og_url":"https:\/\/habilis.ro-botica.com\/es\/quienes-somos\/","og_site_name":"Habilis","article_modified_time":"2024-05-16T07:51:27+00:00","twitter_card":"summary_large_image","twitter_site":"@HabilisCat","twitter_misc":{"Tiempo de lectura":"10 minutos"},"schema":{"@context":"https:\/\/schema.org","@graph":[{"@type":"WebPage","@id":"https:\/\/habilis.ro-botica.com\/es\/quienes-somos\/","url":"https:\/\/habilis.ro-botica.com\/es\/quienes-somos\/","name":"Qui\u00e9nes somos - Habilis","isPartOf":{"@id":"https:\/\/habilis.ro-botica.com\/es\/#website"},"datePublished":"2024-03-12T11:18:27+00:00","dateModified":"2024-05-16T07:51:27+00:00","breadcrumb":{"@id":"https:\/\/habilis.ro-botica.com\/es\/quienes-somos\/#breadcrumb"},"inLanguage":"es","potentialAction":[{"@type":"ReadAction","target":["https:\/\/habilis.ro-botica.com\/es\/quienes-somos\/"]}]},{"@type":"BreadcrumbList","@id":"https:\/\/habilis.ro-botica.com\/es\/quienes-somos\/#breadcrumb","itemListElement":[{"@type":"ListItem","position":1,"name":"Portada","item":"https:\/\/habilis.ro-botica.com\/es\/"},{"@type":"ListItem","position":2,"name":"Qui\u00e9nes somos"}]},{"@type":"WebSite","@id":"https:\/\/habilis.ro-botica.com\/es\/#website","url":"https:\/\/habilis.ro-botica.com\/es\/","name":"Habilis","description":"Aprende con las manos","publisher":{"@id":"https:\/\/habilis.ro-botica.com\/es\/#organization"},"potentialAction":[{"@type":"SearchAction","target":{"@type":"EntryPoint","urlTemplate":"https:\/\/habilis.ro-botica.com\/es\/?s={search_term_string}"},"query-input":{"@type":"PropertyValueSpecification","valueRequired":true,"valueName":"search_term_string"}}],"inLanguage":"es"},{"@type":"Organization","@id":"https:\/\/habilis.ro-botica.com\/es\/#organization","name":"Habilis","url":"https:\/\/habilis.ro-botica.com\/es\/","logo":{"@type":"ImageObject","inLanguage":"es","@id":"https:\/\/habilis.ro-botica.com\/es\/#\/schema\/logo\/image\/","url":"https:\/\/habilis.ro-botica.com\/wp-content\/uploads\/2023\/08\/logo-habilis-430.png","contentUrl":"https:\/\/habilis.ro-botica.com\/wp-content\/uploads\/2023\/08\/logo-habilis-430.png","width":888,"height":189,"caption":"Habilis"},"image":{"@id":"https:\/\/habilis.ro-botica.com\/es\/#\/schema\/logo\/image\/"},"sameAs":["https:\/\/x.com\/HabilisCat","https:\/\/www.instagram.com\/habiliscat\/","https:\/\/www.linkedin.com\/company\/habiliscat\/about\/"]}]}},"_links":{"self":[{"href":"https:\/\/habilis.ro-botica.com\/es\/wp-json\/wp\/v2\/pages\/671","targetHints":{"allow":["GET"]}}],"collection":[{"href":"https:\/\/habilis.ro-botica.com\/es\/wp-json\/wp\/v2\/pages"}],"about":[{"href":"https:\/\/habilis.ro-botica.com\/es\/wp-json\/wp\/v2\/types\/page"}],"author":[{"embeddable":true,"href":"https:\/\/habilis.ro-botica.com\/es\/wp-json\/wp\/v2\/users\/8"}],"replies":[{"embeddable":true,"href":"https:\/\/habilis.ro-botica.com\/es\/wp-json\/wp\/v2\/comments?post=671"}],"version-history":[{"count":0,"href":"https:\/\/habilis.ro-botica.com\/es\/wp-json\/wp\/v2\/pages\/671\/revisions"}],"wp:attachment":[{"href":"https:\/\/habilis.ro-botica.com\/es\/wp-json\/wp\/v2\/media?parent=671"}],"curies":[{"name":"wp","href":"https:\/\/api.w.org\/{rel}","templated":true}]}}