{"id":74,"date":"2023-06-12T14:17:51","date_gmt":"2023-06-12T13:17:51","guid":{"rendered":"https:\/\/app.dev.madsys.com\/tallerdefred\/?page_id=74"},"modified":"2024-05-16T08:00:55","modified_gmt":"2024-05-16T07:00:55","slug":"politica-privacidad","status":"publish","type":"page","link":"https:\/\/habilis.ro-botica.com\/es\/politica-privacidad\/","title":{"rendered":"Pol\u00edtica de Privacidad"},"content":{"rendered":"\r\n<h3 class=\"wp-block-heading\">Qui \u00e9s el Responsable del tractament de les teves dades i per a quines finalitats es tractaran?<\/h3>\r\n\r\n\r\n\r\n<ul class=\"wp-block-list\">\r\n<li>ABACUS, Societat Cooperativa Catalana de Responsabilitat Limitada (ABACUS)<\/li>\r\n\r\n\r\n\r\n<li>CIF: F-08226714<\/li>\r\n\r\n\r\n\r\n<li>\u200bAdre\u00e7a: C. Per\u00fa,\u00a0186, 08020 Barcelona<\/li>\r\n\r\n\r\n\r\n<li>\u200bTel\u00e8fon: +34 932 178 166<\/li>\r\n\r\n\r\n\r\n<li>\u200b\u200bCorreu electr\u00f2nic: soci.client@abacus.coop.<\/li>\r\n<\/ul>\r\n\r\n\r\n\r\n<p>Tractarem les teves dades personals per a poder atendre la teva petici\u00f3 aix\u00ed com, si s\u2019escau, per a l\u2019enviament d\u2019informaci\u00f3 d\u2019utilitat o d\u2019inter\u00e8s d\u2019ABACUS i\/o dels nostres col\u00b7laboradors de l\u2019\u00e0mbit de la cultura i l\u2019educaci\u00f3 i tramitar les compres realitzades.<\/p>\r\n\r\n\r\n\r\n<p>\u200bSer\u00e0 necessari que ens facilitis les dades requerides com a \u201cobligat\u00f2ries\u201d. El no-emplenament o emplenament parcial de les dades personals requerides podria suposar que no es puguin tractar les dades per a les finalitats detallades anteriorment. Aix\u00ed mateix, cal que ens comuniquis les dades personals actuals per tal que tinguem la informaci\u00f3 degudament actualitzada i sense errors.\u200b<\/p>\r\n\r\n\r\n\r\n<h3 class=\"wp-block-heading\">Quant temps conservarem les teves dades personals?<\/h3>\r\n\r\n\r\n\r\n<p>Conservarem les dades personals mentre no ens sol\u00b7licitis la seva supressi\u00f3.<\/p>\r\n\r\n\r\n\r\n<p>\u200bAix\u00ed mateix, si \u00e9s el cas, les dades relatives a la facturaci\u00f3 i cobrament dels productes i serveis, es conservaran durant el temps previst per la normativa vigent (especialment, en mat\u00e8ria civil, fiscal i comptable) una vegada finalitzi la contractaci\u00f3.<\/p>\r\n\r\n\r\n\r\n<h3 class=\"wp-block-heading\">Quina \u00e9s la legitimiaci\u00f3 per al tractament de les teves dades personals?<\/h3>\r\n\r\n\r\n\r\n<p>La base legal per al tractament de dades \u00e9s el consentiment manifestat a trav\u00e9s de l\u2019acceptaci\u00f3 de la Pol\u00edtica de Privacitat i, en el cas de les contractacions de productes i serveis, tamb\u00e9 l\u2019execuci\u00f3 de la relaci\u00f3 contractual.<\/p>\r\n\r\n\r\n\r\n<h3 class=\"wp-block-heading\">A quins destinataris es comunicaran les teves dades personals?<\/h3>\r\n\r\n\r\n\r\n<p>Es comuniquen dades a tercers col\u00b7laboradors amb finalitat de publicitat. Les dades es podran comunicar a empreses col\u00b7laboradores d\u2019ABACUS per a l\u2019enviament de publicitat i altres informacions d\u2019inter\u00e8s. Igualment, les dades poden estar allotjades en prove\u00efdors ubicats fora de la Uni\u00f3 Europea, en condicions de seguretat i confidencialitat, de conformitat amb les corresponents garanties jur\u00eddiques.\u200b<\/p>\r\n\r\n\r\n\r\n<h3 class=\"wp-block-heading\">Quins s\u00f3n els teus drets en relaci\u00f3 amb les teves dades personals?<\/h3>\r\n\r\n\r\n\r\n<p>Podr\u00e0s sol\u00b7licitar accedir a les teves dades personals, aix\u00ed com la rectificaci\u00f3 de les dades inexactes o, si escau, la seva supressi\u00f3 quan les dades ja no siguin necess\u00e0ries per a les finalitats que van ser recollides. Tamb\u00e9 podr\u00e0s sol\u00b7licitar la limitaci\u00f3, portabilitat i oposici\u00f3 al tractament de les teves dades, en determinades circumst\u00e0ncies i per motius relacionats amb la teva situaci\u00f3 particular.<\/p>\r\n\r\n\r\n\r\n<p>Igualment, podr\u00e0s exercir els drets referits anteriorment i, si s\u2019escau, revocar el consentiment atorgat mitjan\u00e7ant l\u2019enviament d\u2019un correu electr\u00f2nic a soci.client@abacus.coop. La revocaci\u00f3 es podr\u00e0 fer sense que afecti de forma retroactiva el tractament de dades personals realitzat fins al moment.<\/p>\r\n\r\n\r\n\r\n<p>Si no obtens una resposta satisfact\u00f2ria i desitges formular una reclamaci\u00f3 o obtenir m\u00e9s informaci\u00f3 al respecte de qualsevol d\u2019aquests drets, podr\u00e0s demanar-ho a l\u2019Ag\u00e8ncia Espanyola de Protecci\u00f3 de Dades (www.aepd.es).<\/p>\r\n","protected":false},"excerpt":{"rendered":"<p>Qui \u00e9s el Responsable del tractament de les teves dades i per a quines finalitats es tractaran? Tractarem les teves &#8230; <a title=\"Pol\u00edtica de Privacidad\" class=\"read-more\" href=\"https:\/\/habilis.ro-botica.com\/es\/politica-privacidad\/\" aria-label=\"Leer m\u00e1s sobre Pol\u00edtica de Privacidad\"> <\/a><\/p>\n","protected":false},"author":8,"featured_media":0,"parent":0,"menu_order":0,"comment_status":"closed","ping_status":"closed","template":"","meta":{"_acf_changed":false,"inline_featured_image":false,"footnotes":""},"class_list":["post-74","page","type-page","status-publish"],"acf":[],"yoast_head":"<!-- This site is optimized with the Yoast SEO plugin v25.5 - https:\/\/yoast.com\/wordpress\/plugins\/seo\/ -->\n<title>Pol\u00edtica de Privacidad - Habilis<\/title>\n<meta name=\"robots\" content=\"index, follow, max-snippet:-1, max-image-preview:large, max-video-preview:-1\" \/>\n<link rel=\"canonical\" href=\"https:\/\/habilis.ro-botica.com\/es\/politica-privacidad\/\" \/>\n<meta property=\"og:locale\" content=\"es_ES\" \/>\n<meta property=\"og:type\" content=\"article\" \/>\n<meta property=\"og:title\" content=\"Pol\u00edtica de Privacidad - Habilis\" \/>\n<meta property=\"og:description\" content=\"Qui \u00e9s el Responsable del tractament de les teves dades i per a quines finalitats es tractaran? Tractarem les teves ...\" \/>\n<meta property=\"og:url\" content=\"https:\/\/habilis.ro-botica.com\/es\/politica-privacidad\/\" \/>\n<meta property=\"og:site_name\" content=\"Habilis\" \/>\n<meta property=\"article:modified_time\" content=\"2024-05-16T07:00:55+00:00\" \/>\n<meta name=\"twitter:card\" content=\"summary_large_image\" \/>\n<meta name=\"twitter:site\" content=\"@HabilisCat\" \/>\n<meta name=\"twitter:label1\" content=\"Tiempo de lectura\" \/>\n\t<meta name=\"twitter:data1\" content=\"3 minutos\" \/>\n<script type=\"application\/ld+json\" class=\"yoast-schema-graph\">{\"@context\":\"https:\/\/schema.org\",\"@graph\":[{\"@type\":\"WebPage\",\"@id\":\"https:\/\/habilis.ro-botica.com\/es\/politica-privacidad\/\",\"url\":\"https:\/\/habilis.ro-botica.com\/es\/politica-privacidad\/\",\"name\":\"Pol\u00edtica de Privacidad - Habilis\",\"isPartOf\":{\"@id\":\"https:\/\/habilis.ro-botica.com\/es\/#website\"},\"datePublished\":\"2023-06-12T13:17:51+00:00\",\"dateModified\":\"2024-05-16T07:00:55+00:00\",\"breadcrumb\":{\"@id\":\"https:\/\/habilis.ro-botica.com\/es\/politica-privacidad\/#breadcrumb\"},\"inLanguage\":\"es\",\"potentialAction\":[{\"@type\":\"ReadAction\",\"target\":[\"https:\/\/habilis.ro-botica.com\/es\/politica-privacidad\/\"]}]},{\"@type\":\"BreadcrumbList\",\"@id\":\"https:\/\/habilis.ro-botica.com\/es\/politica-privacidad\/#breadcrumb\",\"itemListElement\":[{\"@type\":\"ListItem\",\"position\":1,\"name\":\"Portada\",\"item\":\"https:\/\/habilis.ro-botica.com\/es\/\"},{\"@type\":\"ListItem\",\"position\":2,\"name\":\"Pol\u00edtica de Privacidad\"}]},{\"@type\":\"WebSite\",\"@id\":\"https:\/\/habilis.ro-botica.com\/es\/#website\",\"url\":\"https:\/\/habilis.ro-botica.com\/es\/\",\"name\":\"Habilis\",\"description\":\"Aprende con las manos\",\"publisher\":{\"@id\":\"https:\/\/habilis.ro-botica.com\/es\/#organization\"},\"potentialAction\":[{\"@type\":\"SearchAction\",\"target\":{\"@type\":\"EntryPoint\",\"urlTemplate\":\"https:\/\/habilis.ro-botica.com\/es\/?s={search_term_string}\"},\"query-input\":{\"@type\":\"PropertyValueSpecification\",\"valueRequired\":true,\"valueName\":\"search_term_string\"}}],\"inLanguage\":\"es\"},{\"@type\":\"Organization\",\"@id\":\"https:\/\/habilis.ro-botica.com\/es\/#organization\",\"name\":\"Habilis\",\"url\":\"https:\/\/habilis.ro-botica.com\/es\/\",\"logo\":{\"@type\":\"ImageObject\",\"inLanguage\":\"es\",\"@id\":\"https:\/\/habilis.ro-botica.com\/es\/#\/schema\/logo\/image\/\",\"url\":\"https:\/\/habilis.ro-botica.com\/wp-content\/uploads\/2023\/08\/logo-habilis-430.png\",\"contentUrl\":\"https:\/\/habilis.ro-botica.com\/wp-content\/uploads\/2023\/08\/logo-habilis-430.png\",\"width\":888,\"height\":189,\"caption\":\"Habilis\"},\"image\":{\"@id\":\"https:\/\/habilis.ro-botica.com\/es\/#\/schema\/logo\/image\/\"},\"sameAs\":[\"https:\/\/x.com\/HabilisCat\",\"https:\/\/www.instagram.com\/habiliscat\/\",\"https:\/\/www.linkedin.com\/company\/habiliscat\/about\/\"]}]}<\/script>\n<!-- \/ Yoast SEO plugin. -->","yoast_head_json":{"title":"Pol\u00edtica de Privacidad - Habilis","robots":{"index":"index","follow":"follow","max-snippet":"max-snippet:-1","max-image-preview":"max-image-preview:large","max-video-preview":"max-video-preview:-1"},"canonical":"https:\/\/habilis.ro-botica.com\/es\/politica-privacidad\/","og_locale":"es_ES","og_type":"article","og_title":"Pol\u00edtica de Privacidad - Habilis","og_description":"Qui \u00e9s el Responsable del tractament de les teves dades i per a quines finalitats es tractaran? Tractarem les teves ...","og_url":"https:\/\/habilis.ro-botica.com\/es\/politica-privacidad\/","og_site_name":"Habilis","article_modified_time":"2024-05-16T07:00:55+00:00","twitter_card":"summary_large_image","twitter_site":"@HabilisCat","twitter_misc":{"Tiempo de lectura":"3 minutos"},"schema":{"@context":"https:\/\/schema.org","@graph":[{"@type":"WebPage","@id":"https:\/\/habilis.ro-botica.com\/es\/politica-privacidad\/","url":"https:\/\/habilis.ro-botica.com\/es\/politica-privacidad\/","name":"Pol\u00edtica de Privacidad - Habilis","isPartOf":{"@id":"https:\/\/habilis.ro-botica.com\/es\/#website"},"datePublished":"2023-06-12T13:17:51+00:00","dateModified":"2024-05-16T07:00:55+00:00","breadcrumb":{"@id":"https:\/\/habilis.ro-botica.com\/es\/politica-privacidad\/#breadcrumb"},"inLanguage":"es","potentialAction":[{"@type":"ReadAction","target":["https:\/\/habilis.ro-botica.com\/es\/politica-privacidad\/"]}]},{"@type":"BreadcrumbList","@id":"https:\/\/habilis.ro-botica.com\/es\/politica-privacidad\/#breadcrumb","itemListElement":[{"@type":"ListItem","position":1,"name":"Portada","item":"https:\/\/habilis.ro-botica.com\/es\/"},{"@type":"ListItem","position":2,"name":"Pol\u00edtica de Privacidad"}]},{"@type":"WebSite","@id":"https:\/\/habilis.ro-botica.com\/es\/#website","url":"https:\/\/habilis.ro-botica.com\/es\/","name":"Habilis","description":"Aprende con las manos","publisher":{"@id":"https:\/\/habilis.ro-botica.com\/es\/#organization"},"potentialAction":[{"@type":"SearchAction","target":{"@type":"EntryPoint","urlTemplate":"https:\/\/habilis.ro-botica.com\/es\/?s={search_term_string}"},"query-input":{"@type":"PropertyValueSpecification","valueRequired":true,"valueName":"search_term_string"}}],"inLanguage":"es"},{"@type":"Organization","@id":"https:\/\/habilis.ro-botica.com\/es\/#organization","name":"Habilis","url":"https:\/\/habilis.ro-botica.com\/es\/","logo":{"@type":"ImageObject","inLanguage":"es","@id":"https:\/\/habilis.ro-botica.com\/es\/#\/schema\/logo\/image\/","url":"https:\/\/habilis.ro-botica.com\/wp-content\/uploads\/2023\/08\/logo-habilis-430.png","contentUrl":"https:\/\/habilis.ro-botica.com\/wp-content\/uploads\/2023\/08\/logo-habilis-430.png","width":888,"height":189,"caption":"Habilis"},"image":{"@id":"https:\/\/habilis.ro-botica.com\/es\/#\/schema\/logo\/image\/"},"sameAs":["https:\/\/x.com\/HabilisCat","https:\/\/www.instagram.com\/habiliscat\/","https:\/\/www.linkedin.com\/company\/habiliscat\/about\/"]}]}},"_links":{"self":[{"href":"https:\/\/habilis.ro-botica.com\/es\/wp-json\/wp\/v2\/pages\/74","targetHints":{"allow":["GET"]}}],"collection":[{"href":"https:\/\/habilis.ro-botica.com\/es\/wp-json\/wp\/v2\/pages"}],"about":[{"href":"https:\/\/habilis.ro-botica.com\/es\/wp-json\/wp\/v2\/types\/page"}],"author":[{"embeddable":true,"href":"https:\/\/habilis.ro-botica.com\/es\/wp-json\/wp\/v2\/users\/8"}],"replies":[{"embeddable":true,"href":"https:\/\/habilis.ro-botica.com\/es\/wp-json\/wp\/v2\/comments?post=74"}],"version-history":[{"count":0,"href":"https:\/\/habilis.ro-botica.com\/es\/wp-json\/wp\/v2\/pages\/74\/revisions"}],"wp:attachment":[{"href":"https:\/\/habilis.ro-botica.com\/es\/wp-json\/wp\/v2\/media?parent=74"}],"curies":[{"name":"wp","href":"https:\/\/api.w.org\/{rel}","templated":true}]}}